{"id":34574,"date":"2024-11-27T22:29:19","date_gmt":"2024-11-27T22:29:19","guid":{"rendered":"https:\/\/fundacionopcit.org\/?post_type=product&#038;p=34574"},"modified":"2025-12-15T00:16:37","modified_gmt":"2025-12-15T00:16:37","slug":"largo-aliento","status":"publish","type":"product","link":"https:\/\/fundacionopcit.org\/en\/libreria\/largo-aliento\/","title":{"rendered":"Largo Aliento, Lorena Mal"},"content":{"rendered":"<p><strong>Largo Aliento (2019-2024) de Lorena Mal<\/strong> es una serie de dibujo, improvisaci\u00f3n y escultura a partir de la construcci\u00f3n de una serie de instrumentos de viento que hacen visibles los cientos de a\u00f1os vividos por el \u00e1rbol del cual est\u00e1n hechos, se\u00f1alando las fechas en las que vivieron a lo largo de los pocos cent\u00edmetros de sus superficies.<\/p>\n<p>Esta publicaci\u00f3n acompa\u00f1\u00f3 el performance presentado el 27 de noviembre 2024 en Museo Jumex (Ciudad de M\u00e9xico) con la participaci\u00f3n de Maria Diez Canedo, Vincent Touzet, \u00c1ngel Amado, Melanie McLain, Dulce Chac\u00f3n, Laura Batista, Anri Okada, Julio Cann, y Jos\u00e9 Manuel Barbosa. Incluye material de archivo, dibujos basados en los anillos de crecimiento (vetas), un ensayo sobre Ecolog\u00edas de Fuego por Jiordi Rosales (Noviembre 2024), y una serie de textos que reflexionan sobre la temporalidad humana, la memoria del bosque, y los eventos clim\u00e1ticos que dejan su marca en archivos vivos, en di\u00e1logo con la exhibici\u00f3n Siluetas sobre maleza con obra de Ana Mendieta (Cuba, 1948 \u2013 Estados Unidos, 1985), Vivian Suter (Argentina, 1949), Minia Biabiany (Guadalupe, 1988), Nohem\u00ed P\u00e9rez (Colombia, 1962), Frieda Toranzo Jaeger (M\u00e9xico, 1988) y Vivian Caccuri (Brasil, 1986).<\/p>\n<p>&nbsp;<\/p>\n<p>Dibujos, fotograf\u00edas y material de archivo, cortes\u00eda de Lorena Mal. Miembro del Sistema de Apoyos a la Creaci\u00f3n y Proyectos Culturales (FONCA).<\/p>\n<p>Con el apoyo de investigaci\u00f3n por la Dra. Alejandra Quintanar del Laboratorio de Tecnolog\u00eda y Anatom\u00eda de la Madera UAM-Iztapalapa, y de Charlotte Pearson y David Frank del Laboratory of Tree-Ring Research, Tucson. Desarrollado con el apoyo del Fondo Nacional de Cultura y las Artes, J\u00f3venes Creadores 2018-2019.<\/p>\n<p>&nbsp;<\/p>\n<p>Dise\u00f1o por fundaci\u00f3n\/op.cit.<\/p>","protected":false},"excerpt":{"rendered":"<p>Un proyecto de Lorena Mal, presentado el 27 de noviembre 2024 en Museo Jumex (Ciudad de M\u00e9xico) en di\u00e1logo con la exhibici\u00f3n Siluetas sobre maleza con obra de Ana Mendieta (Cuba, 1948 \u2013 Estados Unidos, 1985), Vivian Suter (Argentina, 1949), Minia Biabiany (Guadalupe, 1988), Nohem\u00ed P\u00e9rez (Colombia, 1962), Frieda Toranzo Jaeger (M\u00e9xico, 1988) y Vivian Caccuri (Brasil, 1986).<\/p>\n<p>&nbsp;<\/p>\n<p>Ensayo por Jiordi Rosales, Noviembre 2024.<\/p>","protected":false},"featured_media":34558,"template":"","meta":{"_acf_changed":false},"product_brand":[],"product_cat":[71],"product_tag":[],"class_list":{"0":"post-34574","1":"product","2":"type-product","3":"status-publish","4":"has-post-thumbnail","6":"product_cat-publicaciones","8":"first","9":"instock","10":"virtual","11":"purchasable","12":"product-type-simple"},"acf":[],"jetpack_sharing_enabled":true,"_links":{"self":[{"href":"https:\/\/fundacionopcit.org\/en\/wp-json\/wp\/v2\/product\/34574","targetHints":{"allow":["GET"]}}],"collection":[{"href":"https:\/\/fundacionopcit.org\/en\/wp-json\/wp\/v2\/product"}],"about":[{"href":"https:\/\/fundacionopcit.org\/en\/wp-json\/wp\/v2\/types\/product"}],"wp:featuredmedia":[{"embeddable":true,"href":"https:\/\/fundacionopcit.org\/en\/wp-json\/wp\/v2\/media\/34558"}],"wp:attachment":[{"href":"https:\/\/fundacionopcit.org\/en\/wp-json\/wp\/v2\/media?parent=34574"}],"wp:term":[{"taxonomy":"product_brand","embeddable":true,"href":"https:\/\/fundacionopcit.org\/en\/wp-json\/wp\/v2\/product_brand?post=34574"},{"taxonomy":"product_cat","embeddable":true,"href":"https:\/\/fundacionopcit.org\/en\/wp-json\/wp\/v2\/product_cat?post=34574"},{"taxonomy":"product_tag","embeddable":true,"href":"https:\/\/fundacionopcit.org\/en\/wp-json\/wp\/v2\/product_tag?post=34574"}],"curies":[{"name":"wp","href":"https:\/\/api.w.org\/{rel}","templated":true}]}}