{"id":34306,"date":"2025-09-23T22:06:31","date_gmt":"2025-09-23T22:06:31","guid":{"rendered":"https:\/\/fundacionopcit.org\/?post_type=product&#038;p=34306"},"modified":"2026-03-03T17:03:32","modified_gmt":"2026-03-03T17:03:32","slug":"horizonte","status":"publish","type":"product","link":"https:\/\/fundacionopcit.org\/en\/libreria\/horizonte\/","title":{"rendered":"\u0627\u0644\u0623\u0641\u0642 \/ Horizonte \/ Horizon, Pablo Rasgado"},"content":{"rendered":"<p>Pablo Rasgado, <span style=\"font-weight: 400;\">\u0627\u0644\u0623\u0641\u0642 \/ Horizonte \/ Horizon, 2025<\/span><\/p>\n<div>Este proyecto de publicaci\u00f3n es una co-edici\u00f3n de fundaci\u00f3n\/op.cit. y Sexto Piso Arte.<\/div>\n<p>El proyecto editorial re\u00fane la investigaci\u00f3n del artista en el territorio palestino, donde indaga en las huellas de la ocupaci\u00f3n inscritas en el paisaje desde una perspectiva tafon\u00f3mica enfocada al despojo, la descomposici\u00f3n y el residuo.<\/p>\n<p>Con textos de Virginia Roy, Majd Nasrallah, Dan Cameron y el propio artista, \u0627\u0644\u0623\u0641\u0642. Horizonte. Horizon recorre en m\u00e1s de 100 im\u00e1genes in\u00e9ditas desde Jenin hasta N\u00e9guev, realizadas durante las estancias de investigaci\u00f3n \u201cWays of traveling 2019\u20132020\u201d y \u201cAspects of Madness Residency 2021- 2024\u201d organizados por la A.M. Qattan Foundation y coordinados por Yazid Anani y Majd Nasrallah.<\/p>\n<p>Este libro fue realizado con el apoyo del Sistema de Apoyos a la Creaci\u00f3n y Proyectos Culturales, a trav\u00e9s de la vertiente Fomento a Proyectos y Coinversiones Culturales, emisi\u00f3n 2023. El proyecto no hubiera sido posible sin el apoyo y asesor\u00eda en sitio de RIWAQ, Organizaci\u00f3n enfocada en la preservaci\u00f3n del patrimonio arquitect\u00f3nico palestino. La investigaci\u00f3n realizada para el desarrollo de este proyecto fue llevada a cabo mediante el generoso apoyo de la Fundaci\u00f3n Pollock Krasner 2016 y la XIII Bienal de Cuenca.<\/p>","protected":false},"excerpt":{"rendered":"<p>Pablo Rasgado, <span style=\"font-weight: 400;\">\u0627\u0644\u0623\u0641\u0642 \/ Horizonte \/ Horizon<\/span>.<\/p>\n<p>Co-edici\u00f3n de fundaci\u00f3n\/op.cit. y Sexto Piso Arte, 2025.<\/p>\n<p><span style=\"font-weight: 400;\">Desde Jenin hasta el N\u00e9guev, pasando por Ramallah, Jerusal\u00e9n, Silwan, Bel\u00e9n, Hebr\u00f3n y Nablus, Horizonte es un libro que extiende los m\u00e1rgenes invisibles del mapa, en lugares como Rahat y Al-Araqib, pueblos sin nombre oficial ni reconocimiento en papel, pero cuya fortaleza radica en la resistencia, que ha navegado un delicado equilibrio capaz de colapsar y desaparecer en un parpadeo.<\/span><\/p>\n<p>Pre-venta s\u00f3lo en plataforma.<br \/>\nPr\u00f3ximamente en venta en librer\u00edas de la Ciudad de M\u00e9xico y en Sexto Piso Arte.<\/p>","protected":false},"featured_media":34318,"template":"","meta":{"_acf_changed":false},"product_brand":[],"product_cat":[71],"product_tag":[],"class_list":{"0":"post-34306","1":"product","2":"type-product","3":"status-publish","4":"has-post-thumbnail","6":"product_cat-publicaciones","8":"first","9":"instock","10":"virtual","11":"purchasable","12":"product-type-simple"},"acf":[],"jetpack_sharing_enabled":true,"_links":{"self":[{"href":"https:\/\/fundacionopcit.org\/en\/wp-json\/wp\/v2\/product\/34306","targetHints":{"allow":["GET"]}}],"collection":[{"href":"https:\/\/fundacionopcit.org\/en\/wp-json\/wp\/v2\/product"}],"about":[{"href":"https:\/\/fundacionopcit.org\/en\/wp-json\/wp\/v2\/types\/product"}],"wp:featuredmedia":[{"embeddable":true,"href":"https:\/\/fundacionopcit.org\/en\/wp-json\/wp\/v2\/media\/34318"}],"wp:attachment":[{"href":"https:\/\/fundacionopcit.org\/en\/wp-json\/wp\/v2\/media?parent=34306"}],"wp:term":[{"taxonomy":"product_brand","embeddable":true,"href":"https:\/\/fundacionopcit.org\/en\/wp-json\/wp\/v2\/product_brand?post=34306"},{"taxonomy":"product_cat","embeddable":true,"href":"https:\/\/fundacionopcit.org\/en\/wp-json\/wp\/v2\/product_cat?post=34306"},{"taxonomy":"product_tag","embeddable":true,"href":"https:\/\/fundacionopcit.org\/en\/wp-json\/wp\/v2\/product_tag?post=34306"}],"curies":[{"name":"wp","href":"https:\/\/api.w.org\/{rel}","templated":true}]}}