{"id":30709,"date":"2023-07-28T22:00:38","date_gmt":"2023-07-28T22:00:38","guid":{"rendered":"https:\/\/fundacionopcit.org\/?post_type=product&#038;p=30709"},"modified":"2023-08-08T21:54:17","modified_gmt":"2023-08-08T21:54:17","slug":"dulcechacon-zentih","status":"publish","type":"product","link":"https:\/\/fundacionopcit.org\/en\/libreria\/dulcechacon-zentih\/","title":{"rendered":"Zenith, Dulce Chac\u00f3n"},"content":{"rendered":"<p>Dulce Chac\u00f3n, Zenith, 2018.<\/p>\n<p>2nd edition, edited by S-ediciones, 250 copies signed and numbered, Mexico City, 208.<\/p>\n<p>Graphic narrative that reconstructs the free fall that professional skydiver Felix Baumgartner makes from the stratosphere to earth in 2012. The original drawings were made in ink on paper. It has a text written by the critic Daniel Montero.<\/p>","protected":false},"excerpt":{"rendered":"<p>Dulce Chac\u00f3n, Zenith, 2018. 2a. edici\u00f3n, editado por S-ediciones, 250 copias firmadas y numeradas, Ciudad de M\u00e9xico, 2018&#8230;.<\/p>","protected":false},"featured_media":30710,"template":"","meta":{"_acf_changed":false},"product_brand":[],"product_cat":[71],"product_tag":[],"class_list":{"0":"post-30709","1":"product","2":"type-product","3":"status-publish","4":"has-post-thumbnail","6":"product_cat-publicaciones","8":"first","9":"instock","10":"shipping-taxable","11":"purchasable","12":"product-type-simple"},"acf":[],"jetpack_sharing_enabled":true,"_links":{"self":[{"href":"https:\/\/fundacionopcit.org\/en\/wp-json\/wp\/v2\/product\/30709","targetHints":{"allow":["GET"]}}],"collection":[{"href":"https:\/\/fundacionopcit.org\/en\/wp-json\/wp\/v2\/product"}],"about":[{"href":"https:\/\/fundacionopcit.org\/en\/wp-json\/wp\/v2\/types\/product"}],"wp:featuredmedia":[{"embeddable":true,"href":"https:\/\/fundacionopcit.org\/en\/wp-json\/wp\/v2\/media\/30710"}],"wp:attachment":[{"href":"https:\/\/fundacionopcit.org\/en\/wp-json\/wp\/v2\/media?parent=30709"}],"wp:term":[{"taxonomy":"product_brand","embeddable":true,"href":"https:\/\/fundacionopcit.org\/en\/wp-json\/wp\/v2\/product_brand?post=30709"},{"taxonomy":"product_cat","embeddable":true,"href":"https:\/\/fundacionopcit.org\/en\/wp-json\/wp\/v2\/product_cat?post=30709"},{"taxonomy":"product_tag","embeddable":true,"href":"https:\/\/fundacionopcit.org\/en\/wp-json\/wp\/v2\/product_tag?post=30709"}],"curies":[{"name":"wp","href":"https:\/\/api.w.org\/{rel}","templated":true}]}}