{"id":30201,"date":"2025-12-01T12:12:26","date_gmt":"2025-12-01T12:12:26","guid":{"rendered":"http:\/\/fundacionopcit.org\/test\/?page_id=30201"},"modified":"2025-12-11T21:35:16","modified_gmt":"2025-12-11T21:35:16","slug":"publicaciones","status":"publish","type":"page","link":"https:\/\/fundacionopcit.org\/en\/publicaciones\/","title":{"rendered":"publications"},"content":{"rendered":"<div data-elementor-type=\"wp-post\" data-elementor-id=\"30201\" class=\"elementor elementor-30201\">\n\t\t\t\t\t\t<section class=\"elementor-section elementor-top-section elementor-element elementor-element-3b97fe49 elementor-section-full_width elementor-section-height-default elementor-section-height-default neuron-fixed-no\" data-id=\"3b97fe49\" data-element_type=\"section\" data-e-type=\"section\" id=\"work\">\n\t\t\t\t\t\t<div class=\"elementor-container elementor-column-gap-no\">\n\t\t\t\t\t<div class=\"elementor-column elementor-col-100 elementor-top-column elementor-element elementor-element-1b8045f6\" data-id=\"1b8045f6\" data-element_type=\"column\" data-e-type=\"column\">\n\t\t\t<div class=\"elementor-widget-wrap elementor-element-populated\">\n\t\t\t\t\t\t<div class=\"elementor-element elementor-element-98c8833 h-offset--no elementor-widget elementor-widget-neuron-posts\" data-id=\"98c8833\" data-element_type=\"widget\" data-e-type=\"widget\" data-widget_type=\"neuron-posts.default\">\n\t\t\t\t<div class=\"elementor-widget-container\">\n\t\t\t\t\t\t\t<div class=\"l-posts-wrapper l-filters-holder l-posts-wrapper--meta-inside h-overflow-hidden l-portfolio-wrapper\" data-posts=\"98c8833\">\n\t\t\t<div class=\"m-filters h-align-center\">\n    <ul id=\"filters\">\n                    <li class=\"active\" data-filter=\"*\"><a>all collections<\/a><\/li>\n                <li data-filter=\".multiple\"><a>artist multiple<\/a><\/li><li data-filter=\".publicacion\"><a>publication<\/a><\/li>    <\/ul>\n<\/div>\t\t\t\t\t\t<div class=\"l-portfolio-wrapper__items-holder l-portfolio-wrapper__items-holder--meta-inside h-overflow-hidden\">\n\t\t\t\t    <div class=\"row masonry\" data-masonry-id=\"382c01cd567ee4492872d8410b289bad\">\n                                <div class=\"selector col-lg-4 publicacion post-34993 portfolio type-portfolio status-publish has-post-thumbnail hentry portfolio_category-publicacion\" data-id=\"34993\" data-columns=\"3-columns\">\n                <div class=\"o-post o-portfolio-item wow h-fadeInUpNeuron\" >\n                    <div class=\"o-neuron-hover o-neuron-hover--meta-inside o-neuron-hover--translate\">\n    <div class=\"o-neuron-hover-holder\">\n        <div class=\"o-neuron-hover-holder__header\">\n            <a href=\"https:\/\/fundacionopcit.org\/en\/portfolio\/lorena-malpiedra-partida\/\" class=\"o-neuron-hover-holder__header__media\">\n                                    <div class=\"h-calculated-image\" style=\"padding-bottom: 100.000000% !important;\">\n                        <img fetchpriority=\"high\" decoding=\"async\" width=\"500\" height=\"500\" src=\"https:\/\/fundacionopcit.org\/wp-content\/uploads\/2025\/12\/WhatsApp-Image-2025-12-13-at-20.24.30-500x500.jpeg\" class=\"attachment-bifrost_image_size_1 size-bifrost_image_size_1 wp-post-image\" alt=\"\" srcset=\"https:\/\/fundacionopcit.org\/wp-content\/uploads\/2025\/12\/WhatsApp-Image-2025-12-13-at-20.24.30-500x500.jpeg 500w, https:\/\/fundacionopcit.org\/wp-content\/uploads\/2025\/12\/WhatsApp-Image-2025-12-13-at-20.24.30-150x150.jpeg 150w, https:\/\/fundacionopcit.org\/wp-content\/uploads\/2025\/12\/WhatsApp-Image-2025-12-13-at-20.24.30-300x300.jpeg 300w, https:\/\/fundacionopcit.org\/wp-content\/uploads\/2025\/12\/WhatsApp-Image-2025-12-13-at-20.24.30-100x100.jpeg 100w\" sizes=\"(max-width: 500px) 100vw, 500px\" \/>                    <\/div>\n                            <\/a>\n                            <div class=\"o-neuron-hover-holder__header__overlay\"><\/div>\n                    <\/div>\n                    <div class=\"o-neuron-hover-holder__body d-flex align-items-center\">\n                <div class=\"o-neuron-hover-holder__body__inner\">\n                    <div class=\"o-neuron-hover-holder__body-meta\">\n                                                    <h4 class=\"o-neuron-hover-holder__body-meta__title o-neuron-post__title\"><a href=\"https:\/\/fundacionopcit.org\/en\/portfolio\/lorena-malpiedra-partida\/\">Lorena Mal<br>Piedra Partida<\/a><\/h4>\n                                                                            <div class=\"o-portfolio-item__category-holder o-neuron-post__meta\">\n    <div class=\"o-portfolio-item__category a-separator o-neuron-post__meta-icon\">\n                <ul>\n                            <li><a class=\"o-neuron-post__meta\" href=\"https:\/\/fundacionopcit.org\/en\/portfolio_category\/publicacion\/\">publication<\/a><\/li>\n                    <\/ul>\n    <\/div>\n<\/div>                                            <\/div>\n                <\/div>\n                <a href=\"https:\/\/fundacionopcit.org\/en\/portfolio\/lorena-malpiedra-partida\/\"><\/a>\n            <\/div>\n            <\/div>\n<\/div>                <\/div>\n            <\/div>\n                                <div class=\"selector col-lg-4 publicacion post-34289 portfolio type-portfolio status-publish has-post-thumbnail hentry portfolio_category-publicacion\" data-id=\"34289\" data-columns=\"3-columns\">\n                <div class=\"o-post o-portfolio-item wow h-fadeInUpNeuron\" data-wow-delay=\"0.2s\">\n                    <div class=\"o-neuron-hover o-neuron-hover--meta-inside o-neuron-hover--translate\">\n    <div class=\"o-neuron-hover-holder\">\n        <div class=\"o-neuron-hover-holder__header\">\n            <a href=\"https:\/\/fundacionopcit.org\/en\/portfolio\/pablorasgado-horizonte\/\" class=\"o-neuron-hover-holder__header__media\">\n                                    <div class=\"h-calculated-image\" style=\"padding-bottom: 100.000000% !important;\">\n                        <img decoding=\"async\" width=\"500\" height=\"500\" src=\"https:\/\/fundacionopcit.org\/wp-content\/uploads\/2025\/09\/2025-09-11_Horizonte-registro-libro-baja-12-500x500.jpg\" class=\"attachment-bifrost_image_size_1 size-bifrost_image_size_1 wp-post-image\" alt=\"\" srcset=\"https:\/\/fundacionopcit.org\/wp-content\/uploads\/2025\/09\/2025-09-11_Horizonte-registro-libro-baja-12-500x500.jpg 500w, https:\/\/fundacionopcit.org\/wp-content\/uploads\/2025\/09\/2025-09-11_Horizonte-registro-libro-baja-12-150x150.jpg 150w, https:\/\/fundacionopcit.org\/wp-content\/uploads\/2025\/09\/2025-09-11_Horizonte-registro-libro-baja-12-1000x1000.jpg 1000w, https:\/\/fundacionopcit.org\/wp-content\/uploads\/2025\/09\/2025-09-11_Horizonte-registro-libro-baja-12-300x300.jpg 300w, https:\/\/fundacionopcit.org\/wp-content\/uploads\/2025\/09\/2025-09-11_Horizonte-registro-libro-baja-12-100x100.jpg 100w\" sizes=\"(max-width: 500px) 100vw, 500px\" \/>                    <\/div>\n                            <\/a>\n                            <div class=\"o-neuron-hover-holder__header__overlay\"><\/div>\n                    <\/div>\n                    <div class=\"o-neuron-hover-holder__body d-flex align-items-center\">\n                <div class=\"o-neuron-hover-holder__body__inner\">\n                    <div class=\"o-neuron-hover-holder__body-meta\">\n                                                    <h4 class=\"o-neuron-hover-holder__body-meta__title o-neuron-post__title\"><a href=\"https:\/\/fundacionopcit.org\/en\/portfolio\/pablorasgado-horizonte\/\">Pablo Rasgado<br>\u0627\u0644\u0623\u0641\u0642 \/ Horizonte \/ Horizon<\/a><\/h4>\n                                                                            <div class=\"o-portfolio-item__category-holder o-neuron-post__meta\">\n    <div class=\"o-portfolio-item__category a-separator o-neuron-post__meta-icon\">\n                <ul>\n                            <li><a class=\"o-neuron-post__meta\" href=\"https:\/\/fundacionopcit.org\/en\/portfolio_category\/publicacion\/\">publication<\/a><\/li>\n                    <\/ul>\n    <\/div>\n<\/div>                                            <\/div>\n                <\/div>\n                <a href=\"https:\/\/fundacionopcit.org\/en\/portfolio\/pablorasgado-horizonte\/\"><\/a>\n            <\/div>\n            <\/div>\n<\/div>                <\/div>\n            <\/div>\n                                <div class=\"selector col-lg-4 publicacion post-34556 portfolio type-portfolio status-publish has-post-thumbnail hentry portfolio_category-publicacion\" data-id=\"34556\" data-columns=\"3-columns\">\n                <div class=\"o-post o-portfolio-item wow h-fadeInUpNeuron\" data-wow-delay=\"0.4s\">\n                    <div class=\"o-neuron-hover o-neuron-hover--meta-inside o-neuron-hover--translate\">\n    <div class=\"o-neuron-hover-holder\">\n        <div class=\"o-neuron-hover-holder__header\">\n            <a href=\"https:\/\/fundacionopcit.org\/en\/portfolio\/lorenamal-largoaliento\/\" class=\"o-neuron-hover-holder__header__media\">\n                                    <div class=\"h-calculated-image\" style=\"padding-bottom: 100.000000% !important;\">\n                        <img decoding=\"async\" width=\"500\" height=\"500\" src=\"https:\/\/fundacionopcit.org\/wp-content\/uploads\/2024\/11\/lorenamal_largoaliento2019-01-500x500.jpg\" class=\"attachment-bifrost_image_size_1 size-bifrost_image_size_1 wp-post-image\" alt=\"\" srcset=\"https:\/\/fundacionopcit.org\/wp-content\/uploads\/2024\/11\/lorenamal_largoaliento2019-01-500x500.jpg 500w, https:\/\/fundacionopcit.org\/wp-content\/uploads\/2024\/11\/lorenamal_largoaliento2019-01-150x150.jpg 150w, https:\/\/fundacionopcit.org\/wp-content\/uploads\/2024\/11\/lorenamal_largoaliento2019-01-1000x1000.jpg 1000w, https:\/\/fundacionopcit.org\/wp-content\/uploads\/2024\/11\/lorenamal_largoaliento2019-01-300x300.jpg 300w, https:\/\/fundacionopcit.org\/wp-content\/uploads\/2024\/11\/lorenamal_largoaliento2019-01-100x100.jpg 100w\" sizes=\"(max-width: 500px) 100vw, 500px\" \/>                    <\/div>\n                            <\/a>\n                            <div class=\"o-neuron-hover-holder__header__overlay\"><\/div>\n                    <\/div>\n                    <div class=\"o-neuron-hover-holder__body d-flex align-items-center\">\n                <div class=\"o-neuron-hover-holder__body__inner\">\n                    <div class=\"o-neuron-hover-holder__body-meta\">\n                                                    <h4 class=\"o-neuron-hover-holder__body-meta__title o-neuron-post__title\"><a href=\"https:\/\/fundacionopcit.org\/en\/portfolio\/lorenamal-largoaliento\/\">Lorena Mal<br>Largo Aliento<\/a><\/h4>\n                                                                            <div class=\"o-portfolio-item__category-holder o-neuron-post__meta\">\n    <div class=\"o-portfolio-item__category a-separator o-neuron-post__meta-icon\">\n                <ul>\n                            <li><a class=\"o-neuron-post__meta\" href=\"https:\/\/fundacionopcit.org\/en\/portfolio_category\/publicacion\/\">publication<\/a><\/li>\n                    <\/ul>\n    <\/div>\n<\/div>                                            <\/div>\n                <\/div>\n                <a href=\"https:\/\/fundacionopcit.org\/en\/portfolio\/lorenamal-largoaliento\/\"><\/a>\n            <\/div>\n            <\/div>\n<\/div>                <\/div>\n            <\/div>\n                                <div class=\"selector col-lg-4 multiple publicacion post-30228 portfolio type-portfolio status-publish has-post-thumbnail hentry portfolio_category-multiple portfolio_category-publicacion\" data-id=\"30228\" data-columns=\"3-columns\">\n                <div class=\"o-post o-portfolio-item wow h-fadeInUpNeuron\" data-wow-delay=\"0.6s\">\n                    <div class=\"o-neuron-hover o-neuron-hover--meta-inside o-neuron-hover--translate\">\n    <div class=\"o-neuron-hover-holder\">\n        <div class=\"o-neuron-hover-holder__header\">\n            <a href=\"https:\/\/fundacionopcit.org\/en\/portfolio\/alanmartinsegal-capitulocero\/\" class=\"o-neuron-hover-holder__header__media\">\n                                    <div class=\"h-calculated-image\" style=\"padding-bottom: 100.000000% !important;\">\n                        <img loading=\"lazy\" decoding=\"async\" width=\"500\" height=\"500\" src=\"https:\/\/fundacionopcit.org\/wp-content\/uploads\/2023\/07\/2023op.cit_.-alan-stills01-publi.jpg\" class=\"attachment-bifrost_image_size_1 size-bifrost_image_size_1 wp-post-image\" alt=\"\" \/>                    <\/div>\n                            <\/a>\n                            <div class=\"o-neuron-hover-holder__header__overlay\"><\/div>\n                    <\/div>\n                    <div class=\"o-neuron-hover-holder__body d-flex align-items-center\">\n                <div class=\"o-neuron-hover-holder__body__inner\">\n                    <div class=\"o-neuron-hover-holder__body-meta\">\n                                                    <h4 class=\"o-neuron-hover-holder__body-meta__title o-neuron-post__title\"><a href=\"https:\/\/fundacionopcit.org\/en\/portfolio\/alanmartinsegal-capitulocero\/\">Alan Mart\u00edn Segal<br>Chapter Zero<\/a><\/h4>\n                                                                            <div class=\"o-portfolio-item__category-holder o-neuron-post__meta\">\n    <div class=\"o-portfolio-item__category a-separator o-neuron-post__meta-icon\">\n                <ul>\n                            <li><a class=\"o-neuron-post__meta\" href=\"https:\/\/fundacionopcit.org\/en\/portfolio_category\/multiple\/\">artist multiple<\/a><\/li>\n                            <li><a class=\"o-neuron-post__meta\" href=\"https:\/\/fundacionopcit.org\/en\/portfolio_category\/publicacion\/\">publication<\/a><\/li>\n                    <\/ul>\n    <\/div>\n<\/div>                                            <\/div>\n                <\/div>\n                <a href=\"https:\/\/fundacionopcit.org\/en\/portfolio\/alanmartinsegal-capitulocero\/\"><\/a>\n            <\/div>\n            <\/div>\n<\/div>                <\/div>\n            <\/div>\n                                <div class=\"selector col-lg-4 publicacion post-30206 portfolio type-portfolio status-publish has-post-thumbnail hentry portfolio_category-publicacion\" data-id=\"30206\" data-columns=\"3-columns\">\n                <div class=\"o-post o-portfolio-item wow h-fadeInUpNeuron\" data-wow-delay=\"0.8s\">\n                    <div class=\"o-neuron-hover o-neuron-hover--meta-inside o-neuron-hover--translate\">\n    <div class=\"o-neuron-hover-holder\">\n        <div class=\"o-neuron-hover-holder__header\">\n            <a href=\"https:\/\/fundacionopcit.org\/en\/portfolio\/pablorasgado-arquitecturadesdoblada\/\" class=\"o-neuron-hover-holder__header__media\">\n                                    <div class=\"h-calculated-image\" style=\"padding-bottom: 100.000000% !important;\">\n                        <img loading=\"lazy\" decoding=\"async\" width=\"500\" height=\"500\" src=\"https:\/\/fundacionopcit.org\/wp-content\/uploads\/2023\/07\/arquitecturadesdoblada-02-500x500.jpg\" class=\"attachment-bifrost_image_size_1 size-bifrost_image_size_1 wp-post-image\" alt=\"\" srcset=\"https:\/\/fundacionopcit.org\/wp-content\/uploads\/2023\/07\/arquitecturadesdoblada-02-500x500.jpg 500w, https:\/\/fundacionopcit.org\/wp-content\/uploads\/2023\/07\/arquitecturadesdoblada-02-150x150.jpg 150w, https:\/\/fundacionopcit.org\/wp-content\/uploads\/2023\/07\/arquitecturadesdoblada-02-1000x1000.jpg 1000w, https:\/\/fundacionopcit.org\/wp-content\/uploads\/2023\/07\/arquitecturadesdoblada-02-300x300.jpg 300w, https:\/\/fundacionopcit.org\/wp-content\/uploads\/2023\/07\/arquitecturadesdoblada-02-100x100.jpg 100w\" sizes=\"(max-width: 500px) 100vw, 500px\" \/>                    <\/div>\n                            <\/a>\n                            <div class=\"o-neuron-hover-holder__header__overlay\"><\/div>\n                    <\/div>\n                    <div class=\"o-neuron-hover-holder__body d-flex align-items-center\">\n                <div class=\"o-neuron-hover-holder__body__inner\">\n                    <div class=\"o-neuron-hover-holder__body-meta\">\n                                                    <h4 class=\"o-neuron-hover-holder__body-meta__title o-neuron-post__title\"><a href=\"https:\/\/fundacionopcit.org\/en\/portfolio\/pablorasgado-arquitecturadesdoblada\/\">Pablo Rasgado<br>Unfolded Architecture<\/a><\/h4>\n                                                                            <div class=\"o-portfolio-item__category-holder o-neuron-post__meta\">\n    <div class=\"o-portfolio-item__category a-separator o-neuron-post__meta-icon\">\n                <ul>\n                            <li><a class=\"o-neuron-post__meta\" href=\"https:\/\/fundacionopcit.org\/en\/portfolio_category\/publicacion\/\">publication<\/a><\/li>\n                    <\/ul>\n    <\/div>\n<\/div>                                            <\/div>\n                <\/div>\n                <a href=\"https:\/\/fundacionopcit.org\/en\/portfolio\/pablorasgado-arquitecturadesdoblada\/\"><\/a>\n            <\/div>\n            <\/div>\n<\/div>                <\/div>\n            <\/div>\n                                <div class=\"selector col-lg-4 publicacion post-30692 portfolio type-portfolio status-publish has-post-thumbnail hentry portfolio_category-publicacion\" data-id=\"30692\" data-columns=\"3-columns\">\n                <div class=\"o-post o-portfolio-item wow h-fadeInUpNeuron\" data-wow-delay=\"1s\">\n                    <div class=\"o-neuron-hover o-neuron-hover--meta-inside o-neuron-hover--translate\">\n    <div class=\"o-neuron-hover-holder\">\n        <div class=\"o-neuron-hover-holder__header\">\n            <a href=\"https:\/\/fundacionopcit.org\/en\/portfolio\/lorena-mal-y-emilio-hinojosasincronia-concierto-para-2-pianos-a-4-manos\/\" class=\"o-neuron-hover-holder__header__media\">\n                                    <div class=\"h-calculated-image\" style=\"padding-bottom: 100.000000% !important;\">\n                        <img loading=\"lazy\" decoding=\"async\" width=\"500\" height=\"500\" src=\"https:\/\/fundacionopcit.org\/wp-content\/uploads\/2023\/07\/sincronia2021-06-500x500.jpeg\" class=\"attachment-bifrost_image_size_1 size-bifrost_image_size_1 wp-post-image\" alt=\"\" srcset=\"https:\/\/fundacionopcit.org\/wp-content\/uploads\/2023\/07\/sincronia2021-06-500x500.jpeg 500w, https:\/\/fundacionopcit.org\/wp-content\/uploads\/2023\/07\/sincronia2021-06-150x150.jpeg 150w, https:\/\/fundacionopcit.org\/wp-content\/uploads\/2023\/07\/sincronia2021-06-1000x1000.jpeg 1000w, https:\/\/fundacionopcit.org\/wp-content\/uploads\/2023\/07\/sincronia2021-06-300x300.jpeg 300w, https:\/\/fundacionopcit.org\/wp-content\/uploads\/2023\/07\/sincronia2021-06-100x100.jpeg 100w\" sizes=\"(max-width: 500px) 100vw, 500px\" \/>                    <\/div>\n                            <\/a>\n                            <div class=\"o-neuron-hover-holder__header__overlay\"><\/div>\n                    <\/div>\n                    <div class=\"o-neuron-hover-holder__body d-flex align-items-center\">\n                <div class=\"o-neuron-hover-holder__body__inner\">\n                    <div class=\"o-neuron-hover-holder__body-meta\">\n                                                    <h4 class=\"o-neuron-hover-holder__body-meta__title o-neuron-post__title\"><a href=\"https:\/\/fundacionopcit.org\/en\/portfolio\/lorena-mal-y-emilio-hinojosasincronia-concierto-para-2-pianos-a-4-manos\/\">Lorena Mal and Emilio Hinojosa<br>Synchrony (concert for 2 pianos and 4 hands)<\/a><\/h4>\n                                                                            <div class=\"o-portfolio-item__category-holder o-neuron-post__meta\">\n    <div class=\"o-portfolio-item__category a-separator o-neuron-post__meta-icon\">\n                <ul>\n                            <li><a class=\"o-neuron-post__meta\" href=\"https:\/\/fundacionopcit.org\/en\/portfolio_category\/publicacion\/\">publication<\/a><\/li>\n                    <\/ul>\n    <\/div>\n<\/div>                                            <\/div>\n                <\/div>\n                <a href=\"https:\/\/fundacionopcit.org\/en\/portfolio\/lorena-mal-y-emilio-hinojosasincronia-concierto-para-2-pianos-a-4-manos\/\"><\/a>\n            <\/div>\n            <\/div>\n<\/div>                <\/div>\n            <\/div>\n            <\/div>\n\n\n\n\n\t\t\t<\/div>\n        <\/div>\n        \t\t\t\t<\/div>\n\t\t\t\t<\/div>\n\t\t\t\t\t<\/div>\n\t\t<\/div>\n\t\t\t\t\t<\/div>\n\t\t<\/section>\n\t\t\t\t<\/div>","protected":false},"excerpt":{"rendered":"<p>todas las colecciones m\u00faltiple de artista publicaci\u00f3n Alan Mart\u00edn SegalCap\u00edtulo 0 m\u00faltiple de artista publicaci\u00f3n Pablo RasgadoArquitectura Desdoblada&#8230;<\/p>","protected":false},"author":1,"featured_media":0,"parent":0,"menu_order":53,"comment_status":"closed","ping_status":"closed","template":"","meta":{"_acf_changed":false,"footnotes":""},"class_list":["post-30201","page","type-page","status-publish","hentry"],"acf":[],"jetpack_sharing_enabled":true,"_links":{"self":[{"href":"https:\/\/fundacionopcit.org\/en\/wp-json\/wp\/v2\/pages\/30201","targetHints":{"allow":["GET"]}}],"collection":[{"href":"https:\/\/fundacionopcit.org\/en\/wp-json\/wp\/v2\/pages"}],"about":[{"href":"https:\/\/fundacionopcit.org\/en\/wp-json\/wp\/v2\/types\/page"}],"author":[{"embeddable":true,"href":"https:\/\/fundacionopcit.org\/en\/wp-json\/wp\/v2\/users\/1"}],"replies":[{"embeddable":true,"href":"https:\/\/fundacionopcit.org\/en\/wp-json\/wp\/v2\/comments?post=30201"}],"version-history":[{"count":25,"href":"https:\/\/fundacionopcit.org\/en\/wp-json\/wp\/v2\/pages\/30201\/revisions"}],"predecessor-version":[{"id":30535,"href":"https:\/\/fundacionopcit.org\/en\/wp-json\/wp\/v2\/pages\/30201\/revisions\/30535"}],"wp:attachment":[{"href":"https:\/\/fundacionopcit.org\/en\/wp-json\/wp\/v2\/media?parent=30201"}],"curies":[{"name":"wp","href":"https:\/\/api.w.org\/{rel}","templated":true}]}}